{"id":20,"date":"2024-06-16T16:34:33","date_gmt":"2024-06-16T16:34:33","guid":{"rendered":"https:\/\/www.upapirny.cz\/?page_id=20"},"modified":"2024-07-03T19:06:11","modified_gmt":"2024-07-03T19:06:11","slug":"v-priprave","status":"publish","type":"page","link":"https:\/\/www.upapirny.cz\/","title":{"rendered":"V P\u0158\u00cdPRAV\u011a"},"content":{"rendered":"\t\t<div data-elementor-type=\"wp-page\" data-elementor-id=\"20\" class=\"elementor elementor-20\" data-elementor-post-type=\"page\">\n\t\t\t\t<div class=\"elementor-element elementor-element-02b9f23 e-con-full e-flex e-con e-parent\" data-id=\"02b9f23\" data-element_type=\"container\" data-e-type=\"container\">\n\t\t\t\t<div class=\"elementor-element elementor-element-7daa219 elementor--h-position-right elementor--v-position-middle elementor-arrows-position-inside elementor-pagination-position-inside elementor-widget elementor-widget-slides\" data-id=\"7daa219\" data-element_type=\"widget\" data-e-type=\"widget\" data-settings=\"{&quot;navigation&quot;:&quot;both&quot;,&quot;autoplay&quot;:&quot;yes&quot;,&quot;pause_on_hover&quot;:&quot;yes&quot;,&quot;pause_on_interaction&quot;:&quot;yes&quot;,&quot;autoplay_speed&quot;:5000,&quot;infinite&quot;:&quot;yes&quot;,&quot;transition&quot;:&quot;slide&quot;,&quot;transition_speed&quot;:500}\" data-widget_type=\"slides.default\">\n\t\t\t\t<div class=\"elementor-widget-container\">\n\t\t\t\t\t\t\t\t\t<div class=\"elementor-swiper\">\n\t\t\t\t\t<div class=\"elementor-slides-wrapper elementor-main-swiper swiper\" role=\"region\" aria-roledescription=\"carousel\" aria-label=\"Slides\" dir=\"ltr\" data-animation=\"fadeInUp\">\n\t\t\t\t<div class=\"swiper-wrapper elementor-slides\">\n\t\t\t\t\t\t\t\t\t\t<div class=\"elementor-repeater-item-103d975 swiper-slide\" role=\"group\" aria-roledescription=\"slide\"><div class=\"swiper-slide-bg\" role=\"img\" aria-label=\"Ubytov\u00e1n\u00ed Velk\u00e9 Losiny - U pap\u00edrny\"><\/div><div class=\"swiper-slide-inner\" ><div class=\"swiper-slide-contents\"><div class=\"elementor-slide-heading\">Ubytov\u00e1n\u00ed VELK\u00c9 LOSINY- U pap\u00edrny<\/div><div class=\"elementor-slide-description\">JEDINE\u010cN\u00c1 LETN\u00cd I ZIMN\u00cd DOVOLEN\u00c1\nV PODH\u016e\u0158\u00cd HRUB\u00c9HO JESEN\u00cdKU!\n<\/div><div  class=\"elementor-button elementor-slide-button elementor-size-sm\">NOV\u00dd WEB JI\u017d BRZY!<\/div><\/div><\/div><\/div>\t\t\t\t<\/div>\n\t\t\t\t\t\t\t<\/div>\n\t\t\t\t<\/div>\n\t\t\t\t\t\t\t\t<\/div>\n\t\t\t\t<\/div>\n\t\t\t\t<\/div>\n\t\t<div class=\"elementor-element elementor-element-9ce7354 e-flex e-con-boxed e-con e-parent\" data-id=\"9ce7354\" data-element_type=\"container\" data-e-type=\"container\">\n\t\t\t\t\t<div class=\"e-con-inner\">\n\t\t<div class=\"elementor-element elementor-element-f0c27ad e-con-full e-grid e-con e-child\" data-id=\"f0c27ad\" data-element_type=\"container\" data-e-type=\"container\">\n\t\t\t\t<div class=\"elementor-element elementor-element-1404213 elementor-widget elementor-widget-heading\" data-id=\"1404213\" data-element_type=\"widget\" data-e-type=\"widget\" data-widget_type=\"heading.default\">\n\t\t\t\t<div class=\"elementor-widget-container\">\n\t\t\t\t\t<h2 class=\"elementor-heading-title elementor-size-default\"><a href=\"tel:+420605787990\">telefon: +420 605 787 990<\/a><\/h2>\t\t\t\t<\/div>\n\t\t\t\t<\/div>\n\t\t\t\t<div class=\"elementor-element elementor-element-8afd584 elementor-widget elementor-widget-heading\" data-id=\"8afd584\" data-element_type=\"widget\" data-e-type=\"widget\" data-widget_type=\"heading.default\">\n\t\t\t\t<div class=\"elementor-widget-container\">\n\t\t\t\t\t<h2 class=\"elementor-heading-title elementor-size-default\"><a href=\"mailto:%20ubytovani@upapirny.cz\">email: ubytovani@upapirny.cz<\/a><\/h2>\t\t\t\t<\/div>\n\t\t\t\t<\/div>\n\t\t\t\t<\/div>\n\t\t\t\t\t<\/div>\n\t\t\t\t<\/div>\n\t\t<div class=\"elementor-element elementor-element-6147f6d e-flex e-con-boxed e-con e-parent\" data-id=\"6147f6d\" data-element_type=\"container\" data-e-type=\"container\">\n\t\t\t\t\t<div class=\"e-con-inner\">\n\t\t\t\t<div class=\"elementor-element elementor-element-fe9a6f3 elementor-widget-divider--view-line elementor-widget elementor-widget-divider\" data-id=\"fe9a6f3\" data-element_type=\"widget\" data-e-type=\"widget\" data-widget_type=\"divider.default\">\n\t\t\t\t<div class=\"elementor-widget-container\">\n\t\t\t\t\t\t\t<div class=\"elementor-divider\">\n\t\t\t<span class=\"elementor-divider-separator\">\n\t\t\t\t\t\t<\/span>\n\t\t<\/div>\n\t\t\t\t\t\t<\/div>\n\t\t\t\t<\/div>\n\t\t\t\t\t<\/div>\n\t\t\t\t<\/div>\n\t\t\t\t<\/div>\n\t\t","protected":false},"excerpt":{"rendered":"<p>Ubytov\u00e1n\u00ed VELK\u00c9 LOSINY- U pap\u00edrnyJEDINE\u010cN\u00c1 LETN\u00cd I ZIMN\u00cd DOVOLEN\u00c1 V PODH\u016e\u0158\u00cd HRUB\u00c9HO JESEN\u00cdKU! NOV\u00dd WEB JI\u017d BRZY! telefon: +420 605 787 990 email: ubytovani@upapirny.cz<\/p>\n","protected":false},"author":1,"featured_media":0,"parent":0,"menu_order":0,"comment_status":"closed","ping_status":"closed","template":"elementor_header_footer","meta":{"inline_featured_image":false,"footnotes":""},"class_list":["post-20","page","type-page","status-publish","hentry"],"yoast_head":"<!-- This site is optimized with the Yoast SEO plugin v23.0 - https:\/\/yoast.com\/wordpress\/plugins\/seo\/ -->\n<title>V P\u0158\u00cdPRAV\u011a - U PAP\u00cdRNY<\/title>\n<meta name=\"robots\" content=\"index, follow, max-snippet:-1, max-image-preview:large, max-video-preview:-1\" \/>\n<link rel=\"canonical\" href=\"https:\/\/www.upapirny.cz\/\" \/>\n<meta property=\"og:locale\" content=\"cs_CZ\" \/>\n<meta property=\"og:type\" content=\"article\" \/>\n<meta property=\"og:title\" content=\"V P\u0158\u00cdPRAV\u011a - U PAP\u00cdRNY\" \/>\n<meta property=\"og:description\" content=\"Ubytov\u00e1n\u00ed VELK\u00c9 LOSINY- U pap\u00edrnyJEDINE\u010cN\u00c1 LETN\u00cd I ZIMN\u00cd DOVOLEN\u00c1 V PODH\u016e\u0158\u00cd HRUB\u00c9HO JESEN\u00cdKU! NOV\u00dd WEB JI\u017d BRZY! telefon: +420 605 787 990 email: ubytovani@upapirny.cz\" \/>\n<meta property=\"og:url\" content=\"https:\/\/www.upapirny.cz\/\" \/>\n<meta property=\"og:site_name\" content=\"U PAP\u00cdRNY\" \/>\n<meta property=\"article:modified_time\" content=\"2024-07-03T19:06:11+00:00\" \/>\n<meta name=\"twitter:card\" content=\"summary_large_image\" \/>\n<meta name=\"twitter:label1\" content=\"Odhadovan\u00e1 doba \u010dten\u00ed\" \/>\n\t<meta name=\"twitter:data1\" content=\"1 minuta\" \/>\n<script type=\"application\/ld+json\" class=\"yoast-schema-graph\">{\"@context\":\"https:\/\/schema.org\",\"@graph\":[{\"@type\":\"WebPage\",\"@id\":\"https:\/\/www.upapirny.cz\/\",\"url\":\"https:\/\/www.upapirny.cz\/\",\"name\":\"V P\u0158\u00cdPRAV\u011a - U PAP\u00cdRNY\",\"isPartOf\":{\"@id\":\"https:\/\/www.upapirny.cz\/#website\"},\"datePublished\":\"2024-06-16T16:34:33+00:00\",\"dateModified\":\"2024-07-03T19:06:11+00:00\",\"breadcrumb\":{\"@id\":\"https:\/\/www.upapirny.cz\/#breadcrumb\"},\"inLanguage\":\"cs\",\"potentialAction\":[{\"@type\":\"ReadAction\",\"target\":[\"https:\/\/www.upapirny.cz\/\"]}]},{\"@type\":\"BreadcrumbList\",\"@id\":\"https:\/\/www.upapirny.cz\/#breadcrumb\",\"itemListElement\":[{\"@type\":\"ListItem\",\"position\":1,\"name\":\"Dom\u016f\",\"item\":\"https:\/\/www.upapirny.cz\/\"},{\"@type\":\"ListItem\",\"position\":2,\"name\":\"V P\u0158\u00cdPRAV\u011a\"}]},{\"@type\":\"WebSite\",\"@id\":\"https:\/\/www.upapirny.cz\/#website\",\"url\":\"https:\/\/www.upapirny.cz\/\",\"name\":\"U PAP\u00cdRNY\",\"description\":\"Ubytov\u00e1n\u00ed Velk\u00e9 Losiny\",\"publisher\":{\"@id\":\"https:\/\/www.upapirny.cz\/#organization\"},\"potentialAction\":[{\"@type\":\"SearchAction\",\"target\":{\"@type\":\"EntryPoint\",\"urlTemplate\":\"https:\/\/www.upapirny.cz\/?s={search_term_string}\"},\"query-input\":\"required name=search_term_string\"}],\"inLanguage\":\"cs\"},{\"@type\":\"Organization\",\"@id\":\"https:\/\/www.upapirny.cz\/#organization\",\"name\":\"U PAP\u00cdRNY\",\"url\":\"https:\/\/www.upapirny.cz\/\",\"logo\":{\"@type\":\"ImageObject\",\"inLanguage\":\"cs\",\"@id\":\"https:\/\/www.upapirny.cz\/#\/schema\/logo\/image\/\",\"url\":\"https:\/\/www.upapirny.cz\/wp-content\/uploads\/2024\/06\/ubytovani-u-papirny_logo.png\",\"contentUrl\":\"https:\/\/www.upapirny.cz\/wp-content\/uploads\/2024\/06\/ubytovani-u-papirny_logo.png\",\"width\":500,\"height\":518,\"caption\":\"U PAP\u00cdRNY\"},\"image\":{\"@id\":\"https:\/\/www.upapirny.cz\/#\/schema\/logo\/image\/\"}}]}<\/script>\n<!-- \/ Yoast SEO plugin. -->","yoast_head_json":{"title":"V P\u0158\u00cdPRAV\u011a - U PAP\u00cdRNY","robots":{"index":"index","follow":"follow","max-snippet":"max-snippet:-1","max-image-preview":"max-image-preview:large","max-video-preview":"max-video-preview:-1"},"canonical":"https:\/\/www.upapirny.cz\/","og_locale":"cs_CZ","og_type":"article","og_title":"V P\u0158\u00cdPRAV\u011a - U PAP\u00cdRNY","og_description":"Ubytov\u00e1n\u00ed VELK\u00c9 LOSINY- U pap\u00edrnyJEDINE\u010cN\u00c1 LETN\u00cd I ZIMN\u00cd DOVOLEN\u00c1 V PODH\u016e\u0158\u00cd HRUB\u00c9HO JESEN\u00cdKU! NOV\u00dd WEB JI\u017d BRZY! telefon: +420 605 787 990 email: ubytovani@upapirny.cz","og_url":"https:\/\/www.upapirny.cz\/","og_site_name":"U PAP\u00cdRNY","article_modified_time":"2024-07-03T19:06:11+00:00","twitter_card":"summary_large_image","twitter_misc":{"Odhadovan\u00e1 doba \u010dten\u00ed":"1 minuta"},"schema":{"@context":"https:\/\/schema.org","@graph":[{"@type":"WebPage","@id":"https:\/\/www.upapirny.cz\/","url":"https:\/\/www.upapirny.cz\/","name":"V P\u0158\u00cdPRAV\u011a - U PAP\u00cdRNY","isPartOf":{"@id":"https:\/\/www.upapirny.cz\/#website"},"datePublished":"2024-06-16T16:34:33+00:00","dateModified":"2024-07-03T19:06:11+00:00","breadcrumb":{"@id":"https:\/\/www.upapirny.cz\/#breadcrumb"},"inLanguage":"cs","potentialAction":[{"@type":"ReadAction","target":["https:\/\/www.upapirny.cz\/"]}]},{"@type":"BreadcrumbList","@id":"https:\/\/www.upapirny.cz\/#breadcrumb","itemListElement":[{"@type":"ListItem","position":1,"name":"Dom\u016f","item":"https:\/\/www.upapirny.cz\/"},{"@type":"ListItem","position":2,"name":"V P\u0158\u00cdPRAV\u011a"}]},{"@type":"WebSite","@id":"https:\/\/www.upapirny.cz\/#website","url":"https:\/\/www.upapirny.cz\/","name":"U PAP\u00cdRNY","description":"Ubytov\u00e1n\u00ed Velk\u00e9 Losiny","publisher":{"@id":"https:\/\/www.upapirny.cz\/#organization"},"potentialAction":[{"@type":"SearchAction","target":{"@type":"EntryPoint","urlTemplate":"https:\/\/www.upapirny.cz\/?s={search_term_string}"},"query-input":"required name=search_term_string"}],"inLanguage":"cs"},{"@type":"Organization","@id":"https:\/\/www.upapirny.cz\/#organization","name":"U PAP\u00cdRNY","url":"https:\/\/www.upapirny.cz\/","logo":{"@type":"ImageObject","inLanguage":"cs","@id":"https:\/\/www.upapirny.cz\/#\/schema\/logo\/image\/","url":"https:\/\/www.upapirny.cz\/wp-content\/uploads\/2024\/06\/ubytovani-u-papirny_logo.png","contentUrl":"https:\/\/www.upapirny.cz\/wp-content\/uploads\/2024\/06\/ubytovani-u-papirny_logo.png","width":500,"height":518,"caption":"U PAP\u00cdRNY"},"image":{"@id":"https:\/\/www.upapirny.cz\/#\/schema\/logo\/image\/"}}]}},"_links":{"self":[{"href":"https:\/\/www.upapirny.cz\/index.php?rest_route=\/wp\/v2\/pages\/20","targetHints":{"allow":["GET"]}}],"collection":[{"href":"https:\/\/www.upapirny.cz\/index.php?rest_route=\/wp\/v2\/pages"}],"about":[{"href":"https:\/\/www.upapirny.cz\/index.php?rest_route=\/wp\/v2\/types\/page"}],"author":[{"embeddable":true,"href":"https:\/\/www.upapirny.cz\/index.php?rest_route=\/wp\/v2\/users\/1"}],"replies":[{"embeddable":true,"href":"https:\/\/www.upapirny.cz\/index.php?rest_route=%2Fwp%2Fv2%2Fcomments&post=20"}],"version-history":[{"count":55,"href":"https:\/\/www.upapirny.cz\/index.php?rest_route=\/wp\/v2\/pages\/20\/revisions"}],"predecessor-version":[{"id":158,"href":"https:\/\/www.upapirny.cz\/index.php?rest_route=\/wp\/v2\/pages\/20\/revisions\/158"}],"wp:attachment":[{"href":"https:\/\/www.upapirny.cz\/index.php?rest_route=%2Fwp%2Fv2%2Fmedia&parent=20"}],"curies":[{"name":"wp","href":"https:\/\/api.w.org\/{rel}","templated":true}]}}