{"id":62,"date":"2024-06-16T17:12:57","date_gmt":"2024-06-16T17:12:57","guid":{"rendered":"https:\/\/www.upapirny.cz\/?page_id=62"},"modified":"2024-06-16T17:13:20","modified_gmt":"2024-06-16T17:13:20","slug":"in-process","status":"publish","type":"page","link":"https:\/\/www.upapirny.cz\/?page_id=62&lang=en","title":{"rendered":"IN PROCESS"},"content":{"rendered":"\t\t<div data-elementor-type=\"wp-page\" data-elementor-id=\"62\" class=\"elementor elementor-62\" data-elementor-post-type=\"page\">\n\t\t\t\t<div class=\"elementor-element elementor-element-9ce7354 e-flex e-con-boxed e-con e-parent\" data-id=\"9ce7354\" data-element_type=\"container\" data-e-type=\"container\">\n\t\t\t\t\t<div class=\"e-con-inner\">\n\t\t\t\t<div class=\"elementor-element elementor-element-4098856 elementor-widget elementor-widget-image\" data-id=\"4098856\" data-element_type=\"widget\" data-e-type=\"widget\" data-widget_type=\"image.default\">\n\t\t\t\t<div class=\"elementor-widget-container\">\n\t\t\t\t\t\t\t\t\t\t\t\t\t\t\t<img decoding=\"async\" src=\"https:\/\/www.upapirny.cz\/wp-content\/uploads\/2024\/06\/ubytovani-u-papirny_logo.png\" title=\"\" alt=\"Ubytov\u00e1n\u00ed Velk\u00e9 Losiny - U PAP\u00cdRNY logo\" loading=\"lazy\" \/>\t\t\t\t\t\t\t\t\t\t\t\t\t\t\t<\/div>\n\t\t\t\t<\/div>\n\t\t\t\t<div class=\"elementor-element elementor-element-8b6a13c elementor-widget elementor-widget-heading\" data-id=\"8b6a13c\" data-element_type=\"widget\" data-e-type=\"widget\" data-widget_type=\"heading.default\">\n\t\t\t\t<div class=\"elementor-widget-container\">\n\t\t\t\t\t<h2 class=\"elementor-heading-title elementor-size-default\">WE PREPARE NEW WEBSITE FOR YOU<\/h2>\t\t\t\t<\/div>\n\t\t\t\t<\/div>\n\t\t\t\t\t<\/div>\n\t\t\t\t<\/div>\n\t\t\t\t<\/div>\n\t\t","protected":false},"excerpt":{"rendered":"<p>WE PREPARE NEW WEBSITE FOR YOU<\/p>\n","protected":false},"author":1,"featured_media":0,"parent":0,"menu_order":0,"comment_status":"closed","ping_status":"closed","template":"elementor_canvas","meta":{"inline_featured_image":false,"footnotes":""},"class_list":["post-62","page","type-page","status-publish","hentry"],"yoast_head":"<!-- This site is optimized with the Yoast SEO plugin v23.0 - https:\/\/yoast.com\/wordpress\/plugins\/seo\/ -->\n<title>IN PROCESS - U PAP\u00cdRNY<\/title>\n<meta name=\"robots\" content=\"index, follow, max-snippet:-1, max-image-preview:large, max-video-preview:-1\" \/>\n<link rel=\"canonical\" href=\"https:\/\/www.upapirny.cz\/?page_id=62&lang=en\" \/>\n<meta property=\"og:locale\" content=\"cs_CZ\" \/>\n<meta property=\"og:type\" content=\"article\" \/>\n<meta property=\"og:title\" content=\"IN PROCESS - U PAP\u00cdRNY\" \/>\n<meta property=\"og:description\" content=\"WE PREPARE NEW WEBSITE FOR YOU\" \/>\n<meta property=\"og:url\" content=\"https:\/\/www.upapirny.cz\/?page_id=62&amp;lang=en\" \/>\n<meta property=\"og:site_name\" content=\"U PAP\u00cdRNY\" \/>\n<meta property=\"article:modified_time\" content=\"2024-06-16T17:13:20+00:00\" \/>\n<meta property=\"og:image\" content=\"http:\/\/www.upapirny.cz\/wp-content\/uploads\/elementor\/thumbs\/ubytovani-u-papirny_logo-qpr5gjaec1007hllnkf2wohrj43o1lmcz4j22ok4l2.png\" \/>\n<meta name=\"twitter:card\" content=\"summary_large_image\" \/>\n<meta name=\"twitter:label1\" content=\"Odhadovan\u00e1 doba \u010dten\u00ed\" \/>\n\t<meta name=\"twitter:data1\" content=\"1 minuta\" \/>\n<script type=\"application\/ld+json\" class=\"yoast-schema-graph\">{\"@context\":\"https:\/\/schema.org\",\"@graph\":[{\"@type\":\"WebPage\",\"@id\":\"https:\/\/www.upapirny.cz\/?page_id=62&lang=en\",\"url\":\"https:\/\/www.upapirny.cz\/?page_id=62&lang=en\",\"name\":\"IN PROCESS - U PAP\u00cdRNY\",\"isPartOf\":{\"@id\":\"https:\/\/www.upapirny.cz\/#website\"},\"primaryImageOfPage\":{\"@id\":\"https:\/\/www.upapirny.cz\/?page_id=62&lang=en#primaryimage\"},\"image\":{\"@id\":\"https:\/\/www.upapirny.cz\/?page_id=62&lang=en#primaryimage\"},\"thumbnailUrl\":\"http:\/\/www.upapirny.cz\/wp-content\/uploads\/elementor\/thumbs\/ubytovani-u-papirny_logo-qpr5gjaec1007hllnkf2wohrj43o1lmcz4j22ok4l2.png\",\"datePublished\":\"2024-06-16T17:12:57+00:00\",\"dateModified\":\"2024-06-16T17:13:20+00:00\",\"breadcrumb\":{\"@id\":\"https:\/\/www.upapirny.cz\/?page_id=62&lang=en#breadcrumb\"},\"inLanguage\":\"cs\",\"potentialAction\":[{\"@type\":\"ReadAction\",\"target\":[\"https:\/\/www.upapirny.cz\/?page_id=62&lang=en\"]}]},{\"@type\":\"ImageObject\",\"inLanguage\":\"cs\",\"@id\":\"https:\/\/www.upapirny.cz\/?page_id=62&lang=en#primaryimage\",\"url\":\"http:\/\/www.upapirny.cz\/wp-content\/uploads\/elementor\/thumbs\/ubytovani-u-papirny_logo-qpr5gjaec1007hllnkf2wohrj43o1lmcz4j22ok4l2.png\",\"contentUrl\":\"http:\/\/www.upapirny.cz\/wp-content\/uploads\/elementor\/thumbs\/ubytovani-u-papirny_logo-qpr5gjaec1007hllnkf2wohrj43o1lmcz4j22ok4l2.png\"},{\"@type\":\"BreadcrumbList\",\"@id\":\"https:\/\/www.upapirny.cz\/?page_id=62&lang=en#breadcrumb\",\"itemListElement\":[{\"@type\":\"ListItem\",\"position\":1,\"name\":\"Dom\u016f\",\"item\":\"https:\/\/www.upapirny.cz\/\"},{\"@type\":\"ListItem\",\"position\":2,\"name\":\"IN PROCESS\"}]},{\"@type\":\"WebSite\",\"@id\":\"https:\/\/www.upapirny.cz\/#website\",\"url\":\"https:\/\/www.upapirny.cz\/\",\"name\":\"U PAP\u00cdRNY\",\"description\":\"Ubytov\u00e1n\u00ed Velk\u00e9 Losiny\",\"publisher\":{\"@id\":\"https:\/\/www.upapirny.cz\/#organization\"},\"potentialAction\":[{\"@type\":\"SearchAction\",\"target\":{\"@type\":\"EntryPoint\",\"urlTemplate\":\"https:\/\/www.upapirny.cz\/?s={search_term_string}\"},\"query-input\":\"required name=search_term_string\"}],\"inLanguage\":\"cs\"},{\"@type\":\"Organization\",\"@id\":\"https:\/\/www.upapirny.cz\/#organization\",\"name\":\"U PAP\u00cdRNY\",\"url\":\"https:\/\/www.upapirny.cz\/\",\"logo\":{\"@type\":\"ImageObject\",\"inLanguage\":\"cs\",\"@id\":\"https:\/\/www.upapirny.cz\/#\/schema\/logo\/image\/\",\"url\":\"https:\/\/www.upapirny.cz\/wp-content\/uploads\/2024\/06\/ubytovani-u-papirny_logo.png\",\"contentUrl\":\"https:\/\/www.upapirny.cz\/wp-content\/uploads\/2024\/06\/ubytovani-u-papirny_logo.png\",\"width\":500,\"height\":518,\"caption\":\"U PAP\u00cdRNY\"},\"image\":{\"@id\":\"https:\/\/www.upapirny.cz\/#\/schema\/logo\/image\/\"}}]}<\/script>\n<!-- \/ Yoast SEO plugin. -->","yoast_head_json":{"title":"IN PROCESS - U PAP\u00cdRNY","robots":{"index":"index","follow":"follow","max-snippet":"max-snippet:-1","max-image-preview":"max-image-preview:large","max-video-preview":"max-video-preview:-1"},"canonical":"https:\/\/www.upapirny.cz\/?page_id=62&lang=en","og_locale":"cs_CZ","og_type":"article","og_title":"IN PROCESS - U PAP\u00cdRNY","og_description":"WE PREPARE NEW WEBSITE FOR YOU","og_url":"https:\/\/www.upapirny.cz\/?page_id=62&lang=en","og_site_name":"U PAP\u00cdRNY","article_modified_time":"2024-06-16T17:13:20+00:00","og_image":[{"url":"http:\/\/www.upapirny.cz\/wp-content\/uploads\/elementor\/thumbs\/ubytovani-u-papirny_logo-qpr5gjaec1007hllnkf2wohrj43o1lmcz4j22ok4l2.png"}],"twitter_card":"summary_large_image","twitter_misc":{"Odhadovan\u00e1 doba \u010dten\u00ed":"1 minuta"},"schema":{"@context":"https:\/\/schema.org","@graph":[{"@type":"WebPage","@id":"https:\/\/www.upapirny.cz\/?page_id=62&lang=en","url":"https:\/\/www.upapirny.cz\/?page_id=62&lang=en","name":"IN PROCESS - U PAP\u00cdRNY","isPartOf":{"@id":"https:\/\/www.upapirny.cz\/#website"},"primaryImageOfPage":{"@id":"https:\/\/www.upapirny.cz\/?page_id=62&lang=en#primaryimage"},"image":{"@id":"https:\/\/www.upapirny.cz\/?page_id=62&lang=en#primaryimage"},"thumbnailUrl":"http:\/\/www.upapirny.cz\/wp-content\/uploads\/elementor\/thumbs\/ubytovani-u-papirny_logo-qpr5gjaec1007hllnkf2wohrj43o1lmcz4j22ok4l2.png","datePublished":"2024-06-16T17:12:57+00:00","dateModified":"2024-06-16T17:13:20+00:00","breadcrumb":{"@id":"https:\/\/www.upapirny.cz\/?page_id=62&lang=en#breadcrumb"},"inLanguage":"cs","potentialAction":[{"@type":"ReadAction","target":["https:\/\/www.upapirny.cz\/?page_id=62&lang=en"]}]},{"@type":"ImageObject","inLanguage":"cs","@id":"https:\/\/www.upapirny.cz\/?page_id=62&lang=en#primaryimage","url":"http:\/\/www.upapirny.cz\/wp-content\/uploads\/elementor\/thumbs\/ubytovani-u-papirny_logo-qpr5gjaec1007hllnkf2wohrj43o1lmcz4j22ok4l2.png","contentUrl":"http:\/\/www.upapirny.cz\/wp-content\/uploads\/elementor\/thumbs\/ubytovani-u-papirny_logo-qpr5gjaec1007hllnkf2wohrj43o1lmcz4j22ok4l2.png"},{"@type":"BreadcrumbList","@id":"https:\/\/www.upapirny.cz\/?page_id=62&lang=en#breadcrumb","itemListElement":[{"@type":"ListItem","position":1,"name":"Dom\u016f","item":"https:\/\/www.upapirny.cz\/"},{"@type":"ListItem","position":2,"name":"IN PROCESS"}]},{"@type":"WebSite","@id":"https:\/\/www.upapirny.cz\/#website","url":"https:\/\/www.upapirny.cz\/","name":"U PAP\u00cdRNY","description":"Ubytov\u00e1n\u00ed Velk\u00e9 Losiny","publisher":{"@id":"https:\/\/www.upapirny.cz\/#organization"},"potentialAction":[{"@type":"SearchAction","target":{"@type":"EntryPoint","urlTemplate":"https:\/\/www.upapirny.cz\/?s={search_term_string}"},"query-input":"required name=search_term_string"}],"inLanguage":"cs"},{"@type":"Organization","@id":"https:\/\/www.upapirny.cz\/#organization","name":"U PAP\u00cdRNY","url":"https:\/\/www.upapirny.cz\/","logo":{"@type":"ImageObject","inLanguage":"cs","@id":"https:\/\/www.upapirny.cz\/#\/schema\/logo\/image\/","url":"https:\/\/www.upapirny.cz\/wp-content\/uploads\/2024\/06\/ubytovani-u-papirny_logo.png","contentUrl":"https:\/\/www.upapirny.cz\/wp-content\/uploads\/2024\/06\/ubytovani-u-papirny_logo.png","width":500,"height":518,"caption":"U PAP\u00cdRNY"},"image":{"@id":"https:\/\/www.upapirny.cz\/#\/schema\/logo\/image\/"}}]}},"_links":{"self":[{"href":"https:\/\/www.upapirny.cz\/index.php?rest_route=\/wp\/v2\/pages\/62","targetHints":{"allow":["GET"]}}],"collection":[{"href":"https:\/\/www.upapirny.cz\/index.php?rest_route=\/wp\/v2\/pages"}],"about":[{"href":"https:\/\/www.upapirny.cz\/index.php?rest_route=\/wp\/v2\/types\/page"}],"author":[{"embeddable":true,"href":"https:\/\/www.upapirny.cz\/index.php?rest_route=\/wp\/v2\/users\/1"}],"replies":[{"embeddable":true,"href":"https:\/\/www.upapirny.cz\/index.php?rest_route=%2Fwp%2Fv2%2Fcomments&post=62"}],"version-history":[{"count":4,"href":"https:\/\/www.upapirny.cz\/index.php?rest_route=\/wp\/v2\/pages\/62\/revisions"}],"predecessor-version":[{"id":66,"href":"https:\/\/www.upapirny.cz\/index.php?rest_route=\/wp\/v2\/pages\/62\/revisions\/66"}],"wp:attachment":[{"href":"https:\/\/www.upapirny.cz\/index.php?rest_route=%2Fwp%2Fv2%2Fmedia&parent=62"}],"curies":[{"name":"wp","href":"https:\/\/api.w.org\/{rel}","templated":true}]}}